{"id":5083,"date":"2024-04-17T10:22:25","date_gmt":"2024-04-17T09:22:25","guid":{"rendered":"https:\/\/www.almacgroup.com\/diagnostics\/?page_id=5083"},"modified":"2024-04-17T10:22:26","modified_gmt":"2024-04-17T09:22:26","slug":"france","status":"publish","type":"page","link":"https:\/\/www.almacgroup.com\/diagnostics\/france\/","title":{"rendered":"France"},"content":{"rendered":"<div class=\"o-wrapper\">\n    <div class=\"o-grid o-grid--fill o-grid--center u-align-center u-p-b8\">\n                    <div class=\"o-grid__item u-width-3\/12 u-width-half@m u-width-full@s u-m-y3 u-flex u-flex-direction-column u-flex-align-center u-flex-justify-between\">\n                <img decoding=\"async\" class=\"c-diagnostics_circles lazyload\" data-src=\"https:\/\/www.almacgroup.com\/diagnostics\/wp-content\/uploads\/sites\/3\/2021\/11\/Genomic-Circle.png\" alt=\"Services g\u00e9nomiques\" src=\"data:image\/gif;base64,R0lGODlhAQABAAAAACH5BAEKAAEALAAAAAABAAEAAAICTAEAOw==\" style=\"--smush-placeholder-width: 272px; --smush-placeholder-aspect-ratio: 272\/272;\" \/><noscript><img decoding=\"async\" class=\"c-diagnostics_circles\" src=\"https:\/\/www.almacgroup.com\/diagnostics\/wp-content\/uploads\/sites\/3\/2021\/11\/Genomic-Circle.png\" alt=\"Services g\u00e9nomiques\"\/><\/noscript>\n                <h5 class=\"u-m-t2\">Services g\u00e9nomiques<\/h5>\n                <p class=\"u-m-t2 u-width-10\/12 u-block u-center\"><ul><li>Large \u00e9ventail de plates-formes et de technologies <\/li><li>Data Science<\/li><li>Gestion des \u00e9chantillons<\/li><\/ul><\/p>\n                                    <a class=\"c-btn c-btn2 u-m-t2\" href=\"https:\/\/www.almacgroup.com\/diagnostics\/genomic-services\/\">En savoir plus<\/a>\n                            <\/div>\n                    <div class=\"o-grid__item u-width-3\/12 u-width-half@m u-width-full@s u-m-y3 u-flex u-flex-direction-column u-flex-align-center u-flex-justify-between\">\n                <img decoding=\"async\" class=\"c-diagnostics_circles lazyload\" data-src=\"https:\/\/www.almacgroup.com\/diagnostics\/wp-content\/uploads\/sites\/3\/2021\/11\/CTA-Circle.png\" alt=\"Tests d'essais cliniques\" src=\"data:image\/gif;base64,R0lGODlhAQABAAAAACH5BAEKAAEALAAAAAABAAEAAAICTAEAOw==\" style=\"--smush-placeholder-width: 272px; --smush-placeholder-aspect-ratio: 272\/272;\" \/><noscript><img decoding=\"async\" class=\"c-diagnostics_circles\" src=\"https:\/\/www.almacgroup.com\/diagnostics\/wp-content\/uploads\/sites\/3\/2021\/11\/CTA-Circle.png\" alt=\"Tests d'essais cliniques\"\/><\/noscript>\n                <h5 class=\"u-m-t2\">Tests d&#8217;essais cliniques<\/h5>\n                <p class=\"u-m-t2 u-width-10\/12 u-block u-center\"><ul><li>Essai \u00e0 des fins de recherche<\/li><li>Essai \u00e0 usage clinique<\/li><li>Essai clinique global<\/li><\/ul><\/p>\n                                    <a class=\"c-btn c-btn2 u-m-t2\" href=\"https:\/\/www.almacgroup.com\/diagnostics\/clinical-trial-assays\/\">En savoir plus<\/a>\n                            <\/div>\n                    <div class=\"o-grid__item u-width-3\/12 u-width-half@m u-width-full@s u-m-y3 u-flex u-flex-direction-column u-flex-align-center u-flex-justify-between\">\n                <img decoding=\"async\" class=\"c-diagnostics_circles lazyload\" data-src=\"https:\/\/www.almacgroup.com\/diagnostics\/wp-content\/uploads\/sites\/3\/2021\/11\/CDx-Circle.png\" alt=\"Tests de diagnostic compl\u00e9mentaires\" src=\"data:image\/gif;base64,R0lGODlhAQABAAAAACH5BAEKAAEALAAAAAABAAEAAAICTAEAOw==\" style=\"--smush-placeholder-width: 272px; --smush-placeholder-aspect-ratio: 272\/272;\" \/><noscript><img decoding=\"async\" class=\"c-diagnostics_circles\" src=\"https:\/\/www.almacgroup.com\/diagnostics\/wp-content\/uploads\/sites\/3\/2021\/11\/CDx-Circle.png\" alt=\"Tests de diagnostic compl\u00e9mentaires\"\/><\/noscript>\n                <h5 class=\"u-m-t2\">Tests de diagnostic compl\u00e9mentaires<\/h5>\n                <p class=\"u-m-t2 u-width-10\/12 u-block u-center\"><ul><li>D\u00e9veloppement de CDx<\/li><li>Fabrication de CDx<\/li><li>Commercialisation des CDx<\/li><\/ul><\/p>\n                                    <a class=\"c-btn c-btn2 u-m-t2\" href=\"https:\/\/www.almacgroup.com\/diagnostics\/companion-diagnostics\/\">En savoir plus<\/a>\n                            <\/div>\n            <\/div>\n<\/div>\n\n\n\t<div class=\"\">\n\t\t<div class=\"o-wrapper\">\n\t\t\t<div class=\"o-grid\">\n\t\t\t\t<div class=\"o-grid__item u-width-full\">\n\t\t\t\t\t<div class=\"s-cms\">\n\t\t\t\t\t\t<h3>Les laboratoires mondiaux d&#8217;Almac Diagnostic Services proposent des solutions de diagnostic dans des domaines comme les services g\u00e9nomiques, les essais cliniques et le d\u00e9veloppement et la commercialisation de tests de diagnostic compl\u00e9mentaires.<\/h3>\n<p><span style=\"font-weight: 400;\">Nos clients travaillent avec nous parce que nous offrons une flexibilit\u00e9 totale pour leurs strat\u00e9gies de biomarqueurs :<\/span><\/p>\n<ul>\n<li><span style=\"font-weight: 400;\">Offrir une vari\u00e9t\u00e9 de plates-formes et r\u00e9actifs (d&#8217;options chimiques) (PCR, NGS)<\/span><\/li>\n<li><span style=\"font-weight: 400;\">Dans de multiples indications de maladies (oncologie et maladies chroniques)<\/span><\/li>\n<li><span style=\"font-weight: 400;\">\u00e0 partir de plusieurs types d&#8217;\u00e9chantillons (tissus FFPE, frais congel\u00e9s, sang, buccal)<\/span><\/li>\n<li><span style=\"font-weight: 400;\">Nos laboratoires internationaux sont pr\u00e9sents au Royaume-Uni, en Europe, aux \u00c9tats-Unis et dans la r\u00e9gion APAC.<\/span><\/li>\n<li><span style=\"font-weight: 400;\">Nous offrons un soutien \u00e0 tous les mod\u00e8les de CDx (du PMA \u00e0 site unique au kit IVD).<\/span><\/li>\n<\/ul>\n<p style=\"text-align: center;\"><strong><span style=\"color: #e4251b;\"><a class=\"js-modalTrigger\" href=\"#0\" data-modal=\"DownloadHere\">T\u00e9l\u00e9chargez notre brochure d&#8217;entreprise pour en savoir plus<\/a><\/span><\/strong><\/p>\n<p><a class=\"js-modalTrigger\" href=\"#0\" data-modal=\"DownloadHere\"><img decoding=\"async\" class=\"aligncenter lazyload\" data-src=\"https:\/\/www.almacgroup.com\/diagnostics\/wp-content\/uploads\/sites\/3\/2024\/04\/brochure-img-french-1.png\" width=\"250\" src=\"data:image\/gif;base64,R0lGODlhAQABAAAAACH5BAEKAAEALAAAAAABAAEAAAICTAEAOw==\" style=\"--smush-placeholder-width: 383px; --smush-placeholder-aspect-ratio: 383\/512;\" \/><noscript><img decoding=\"async\" class=\"aligncenter\" src=\"https:\/\/www.almacgroup.com\/diagnostics\/wp-content\/uploads\/sites\/3\/2024\/04\/brochure-img-french-1.png\" width=\"250\" \/><\/noscript><\/a><\/p>\n\t\t\t\t\t<\/div>\n\t\t\t\t<\/div>\n\t\t\t<\/div>\n\t\t<\/div>\n\n\t\n\n\n\n<!-- Hubspot Modal -->\n\n<!-- <a href=\"#0\" class=\"c-btn c-btn-secondary c-btn--red js-modalTrigger\" data-modal=\"DownloadHere\">Trigger Modal<\/a> -->\n\n<div class=\"c-modal js-modal\" title=\"DownloadHere\">\n    <div class=\"c-modal__inner js-modalInner\">\n        <div class=\"o-grid o-grid--center\">\n            <div class=\"u-width-10\/12 u-width-8\/12@l u-relative\">\n                <div class=\"c-modal__content c-modal__content--commercial u-bg-lightgrey3 u-a-left u-p-x3 u-p-y3\">\n                    <div class=\"c-modal__close c-modal__close--dark js-modalClose\"><\/div>\n                    <h5 class=\"u-text-normal u-medium u-m-b2\"><\/h5>\n\n                    <div class=\"almac-modal-hubspot-form\"><\/div>\n                    <!--[if lte IE 8]>\n                    <script charset=\"utf-8\" type=\"lazyload\" src=\"\/\/js.hsforms.net\/forms\/v2-legacy.js\"><\/script>\n                    <![endif]-->\n                    <script charset=\"utf-8\" type=\"lazyload\" src=\"\/\/js.hsforms.net\/forms\/v2.js\"><\/script>\n                    <script type=\"lazyload\">\n                        hbspt.forms.create({\n                        css: '',\n                        portalId: '742105',\n                        formId: '8df8a937-1d26-4889-97fc-d6b219772838',\n                        target: '.almac-modal-hubspot-form'\n                        });\n                    <\/script>\n\n                <\/div>\n            <\/div>\n        <\/div>\n    <\/div>\n<\/div>\n\n<!-- \/ Hubspot Modal -->\n\n\n\n<div style=\"height:32px\" aria-hidden=\"true\" class=\"wp-block-spacer\"><\/div>\n\n\n\n<p class=\"has-text-align-center has-medium-font-size\"><strong>Cliquez <a href=\"https:\/\/www.almacgroup.com\/diagnostics\/\">ici<\/a> pour acc\u00e9der \u00e0 notre page internet principale.<\/strong><\/p>\n\n\n\t<div class=\"\">\n\t\t<div class=\"o-wrapper\">\n\t\t\t<div class=\"o-grid\">\n\t\t\t\t<div class=\"o-grid__item u-width-full\">\n\t\t\t\t\t<div class=\"s-cms\">\n\t\t\t\t\t\t<style>img.u-m-b3.u-center {border: 15px solid white;width: 300px !important;height: 300px !important;border-radius: 50%;}<\/style>\n<style>p.u-bold {text-align: left; font-size: 20px;}<\/style>\n<style>.s-cms ul {color: #000000;text-align: left;}<\/style>\n<style>section.u-bg-light-grey.u-p-y8.u-p-y4\\@m {background: #c2c4c3;}<\/style>\n<style>.t-diagnostic-services .s-cms p a, .t-diagnostic-services .s-cms ul li a {text-decoration: none;}<\/style>\n<style>.o-grid__item.u-width-full.u-p-t4.s-cms {padding-top: 0 !important;}<\/style>\n<style>@media only screen and (max-width: 768px) {img.u-m-b3.u-center {border: 8px solid white; width: 200px !important; height: 200px !important;} }<\/style>\n<style>@media only screen and (max-width: 479px) {img.u-m-b3.u-center {width: 250px !important; height: 250px !important;}}<\/style>\n<style>.s-cms ul li{font-weight: 500 !important;<\/style>\n\t\t\t\t\t<\/div>\n\t\t\t\t<\/div>\n\t\t\t<\/div>\n\t\t<\/div>\n\n\t\n","protected":false},"excerpt":{"rendered":"<p>Cliquez ici pour acc\u00e9der \u00e0 notre page internet principale.<\/p>\n","protected":false},"author":1,"featured_media":0,"parent":0,"menu_order":0,"comment_status":"closed","ping_status":"closed","template":"","meta":{"_acf_changed":false,"footnotes":""},"class_list":["post-5083","page","type-page","status-publish","hentry"],"acf":[],"yoast_head":"<!-- This site is optimized with the Yoast SEO Premium plugin v25.3.1 (Yoast SEO v26.3) - https:\/\/yoast.com\/wordpress\/plugins\/seo\/ -->\n<title>France - Diagnostic Services<\/title>\n<meta name=\"robots\" content=\"index, follow, max-snippet:-1, max-image-preview:large, max-video-preview:-1\" \/>\n<link rel=\"canonical\" href=\"https:\/\/www.almacgroup.com\/diagnostics\/france\/\" \/>\n<meta property=\"og:locale\" content=\"en_GB\" \/>\n<meta property=\"og:type\" content=\"article\" \/>\n<meta property=\"og:title\" content=\"France\" \/>\n<meta property=\"og:description\" content=\"Cliquez ici pour acc\u00e9der \u00e0 notre page internet principale.\" \/>\n<meta property=\"og:url\" content=\"https:\/\/www.almacgroup.com\/diagnostics\/france\/\" \/>\n<meta property=\"og:site_name\" content=\"Diagnostic Services\" \/>\n<meta property=\"article:modified_time\" content=\"2024-04-17T09:22:26+00:00\" \/>\n<meta property=\"og:image\" content=\"https:\/\/www.almacgroup.com\/diagnostics\/wp-content\/uploads\/sites\/3\/2020\/11\/Almac_Logo-e1698941154737.jpeg\" \/>\n\t<meta property=\"og:image:width\" content=\"100\" \/>\n\t<meta property=\"og:image:height\" content=\"52\" \/>\n\t<meta property=\"og:image:type\" content=\"image\/jpeg\" \/>\n<meta name=\"twitter:card\" content=\"summary_large_image\" \/>\n<meta name=\"twitter:label1\" content=\"Estimated reading time\" \/>\n\t<meta name=\"twitter:data1\" content=\"1 minute\" \/>\n<script type=\"application\/ld+json\" class=\"yoast-schema-graph\">{\"@context\":\"https:\/\/schema.org\",\"@graph\":[{\"@type\":\"WebPage\",\"@id\":\"https:\/\/www.almacgroup.com\/diagnostics\/france\/\",\"url\":\"https:\/\/www.almacgroup.com\/diagnostics\/france\/\",\"name\":\"France - Diagnostic Services\",\"isPartOf\":{\"@id\":\"https:\/\/www.almacgroup.com\/diagnostics\/#website\"},\"datePublished\":\"2024-04-17T09:22:25+00:00\",\"dateModified\":\"2024-04-17T09:22:26+00:00\",\"breadcrumb\":{\"@id\":\"https:\/\/www.almacgroup.com\/diagnostics\/france\/#breadcrumb\"},\"inLanguage\":\"en-GB\",\"potentialAction\":[{\"@type\":\"ReadAction\",\"target\":[\"https:\/\/www.almacgroup.com\/diagnostics\/france\/\"]}]},{\"@type\":\"BreadcrumbList\",\"@id\":\"https:\/\/www.almacgroup.com\/diagnostics\/france\/#breadcrumb\",\"itemListElement\":[{\"@type\":\"ListItem\",\"position\":1,\"name\":\"Home\",\"item\":\"https:\/\/www.almacgroup.com\/diagnostics\/\"},{\"@type\":\"ListItem\",\"position\":2,\"name\":\"France\"}]},{\"@type\":\"WebSite\",\"@id\":\"https:\/\/www.almacgroup.com\/diagnostics\/#website\",\"url\":\"https:\/\/www.almacgroup.com\/diagnostics\/\",\"name\":\"Diagnostic Services\",\"description\":\"Just another Almac Core Sites site\",\"publisher\":{\"@id\":\"https:\/\/www.almacgroup.com\/diagnostics\/#organization\"},\"potentialAction\":[{\"@type\":\"SearchAction\",\"target\":{\"@type\":\"EntryPoint\",\"urlTemplate\":\"https:\/\/www.almacgroup.com\/diagnostics\/?s={search_term_string}\"},\"query-input\":{\"@type\":\"PropertyValueSpecification\",\"valueRequired\":true,\"valueName\":\"search_term_string\"}}],\"inLanguage\":\"en-GB\"},{\"@type\":\"Organization\",\"@id\":\"https:\/\/www.almacgroup.com\/diagnostics\/#organization\",\"name\":\"Almac Group Ltd\",\"url\":\"https:\/\/www.almacgroup.com\/diagnostics\/\",\"logo\":{\"@type\":\"ImageObject\",\"inLanguage\":\"en-GB\",\"@id\":\"https:\/\/www.almacgroup.com\/diagnostics\/#\/schema\/logo\/image\/\",\"url\":\"https:\/\/www.almacgroup.com\/diagnostics\/wp-content\/uploads\/sites\/3\/2020\/04\/almac-logo-with-strapline.jpg\",\"contentUrl\":\"https:\/\/www.almacgroup.com\/diagnostics\/wp-content\/uploads\/sites\/3\/2020\/04\/almac-logo-with-strapline.jpg\",\"width\":643,\"height\":296,\"caption\":\"Almac Group Ltd\"},\"image\":{\"@id\":\"https:\/\/www.almacgroup.com\/diagnostics\/#\/schema\/logo\/image\/\"}}]}<\/script>\n<!-- \/ Yoast SEO Premium plugin. -->","yoast_head_json":{"title":"France - Diagnostic Services","robots":{"index":"index","follow":"follow","max-snippet":"max-snippet:-1","max-image-preview":"max-image-preview:large","max-video-preview":"max-video-preview:-1"},"canonical":"https:\/\/www.almacgroup.com\/diagnostics\/france\/","og_locale":"en_GB","og_type":"article","og_title":"France","og_description":"Cliquez ici pour acc\u00e9der \u00e0 notre page internet principale.","og_url":"https:\/\/www.almacgroup.com\/diagnostics\/france\/","og_site_name":"Diagnostic Services","article_modified_time":"2024-04-17T09:22:26+00:00","og_image":[{"width":100,"height":52,"url":"https:\/\/www.almacgroup.com\/diagnostics\/wp-content\/uploads\/sites\/3\/2020\/11\/Almac_Logo-e1698941154737.jpeg","type":"image\/jpeg"}],"twitter_card":"summary_large_image","twitter_misc":{"Estimated reading time":"1 minute"},"schema":{"@context":"https:\/\/schema.org","@graph":[{"@type":"WebPage","@id":"https:\/\/www.almacgroup.com\/diagnostics\/france\/","url":"https:\/\/www.almacgroup.com\/diagnostics\/france\/","name":"France - Diagnostic Services","isPartOf":{"@id":"https:\/\/www.almacgroup.com\/diagnostics\/#website"},"datePublished":"2024-04-17T09:22:25+00:00","dateModified":"2024-04-17T09:22:26+00:00","breadcrumb":{"@id":"https:\/\/www.almacgroup.com\/diagnostics\/france\/#breadcrumb"},"inLanguage":"en-GB","potentialAction":[{"@type":"ReadAction","target":["https:\/\/www.almacgroup.com\/diagnostics\/france\/"]}]},{"@type":"BreadcrumbList","@id":"https:\/\/www.almacgroup.com\/diagnostics\/france\/#breadcrumb","itemListElement":[{"@type":"ListItem","position":1,"name":"Home","item":"https:\/\/www.almacgroup.com\/diagnostics\/"},{"@type":"ListItem","position":2,"name":"France"}]},{"@type":"WebSite","@id":"https:\/\/www.almacgroup.com\/diagnostics\/#website","url":"https:\/\/www.almacgroup.com\/diagnostics\/","name":"Diagnostic Services","description":"Just another Almac Core Sites site","publisher":{"@id":"https:\/\/www.almacgroup.com\/diagnostics\/#organization"},"potentialAction":[{"@type":"SearchAction","target":{"@type":"EntryPoint","urlTemplate":"https:\/\/www.almacgroup.com\/diagnostics\/?s={search_term_string}"},"query-input":{"@type":"PropertyValueSpecification","valueRequired":true,"valueName":"search_term_string"}}],"inLanguage":"en-GB"},{"@type":"Organization","@id":"https:\/\/www.almacgroup.com\/diagnostics\/#organization","name":"Almac Group Ltd","url":"https:\/\/www.almacgroup.com\/diagnostics\/","logo":{"@type":"ImageObject","inLanguage":"en-GB","@id":"https:\/\/www.almacgroup.com\/diagnostics\/#\/schema\/logo\/image\/","url":"https:\/\/www.almacgroup.com\/diagnostics\/wp-content\/uploads\/sites\/3\/2020\/04\/almac-logo-with-strapline.jpg","contentUrl":"https:\/\/www.almacgroup.com\/diagnostics\/wp-content\/uploads\/sites\/3\/2020\/04\/almac-logo-with-strapline.jpg","width":643,"height":296,"caption":"Almac Group Ltd"},"image":{"@id":"https:\/\/www.almacgroup.com\/diagnostics\/#\/schema\/logo\/image\/"}}]}},"_links":{"self":[{"href":"https:\/\/www.almacgroup.com\/diagnostics\/wp-json\/wp\/v2\/pages\/5083","targetHints":{"allow":["GET"]}}],"collection":[{"href":"https:\/\/www.almacgroup.com\/diagnostics\/wp-json\/wp\/v2\/pages"}],"about":[{"href":"https:\/\/www.almacgroup.com\/diagnostics\/wp-json\/wp\/v2\/types\/page"}],"author":[{"embeddable":true,"href":"https:\/\/www.almacgroup.com\/diagnostics\/wp-json\/wp\/v2\/users\/1"}],"replies":[{"embeddable":true,"href":"https:\/\/www.almacgroup.com\/diagnostics\/wp-json\/wp\/v2\/comments?post=5083"}],"version-history":[{"count":23,"href":"https:\/\/www.almacgroup.com\/diagnostics\/wp-json\/wp\/v2\/pages\/5083\/revisions"}],"predecessor-version":[{"id":5180,"href":"https:\/\/www.almacgroup.com\/diagnostics\/wp-json\/wp\/v2\/pages\/5083\/revisions\/5180"}],"wp:attachment":[{"href":"https:\/\/www.almacgroup.com\/diagnostics\/wp-json\/wp\/v2\/media?parent=5083"}],"curies":[{"name":"wp","href":"https:\/\/api.w.org\/{rel}","templated":true}]}}