{"id":5092,"date":"2024-04-17T10:22:17","date_gmt":"2024-04-17T09:22:17","guid":{"rendered":"https:\/\/www.almacgroup.com\/diagnostics\/?page_id=5092"},"modified":"2024-04-17T10:22:19","modified_gmt":"2024-04-17T09:22:19","slug":"spain","status":"publish","type":"page","link":"https:\/\/www.almacgroup.com\/diagnostics\/spain\/","title":{"rendered":"Spain"},"content":{"rendered":"<div class=\"o-wrapper\">\n    <div class=\"o-grid o-grid--fill o-grid--center u-align-center u-p-b8\">\n                    <div class=\"o-grid__item u-width-3\/12 u-width-half@m u-width-full@s u-m-y3 u-flex u-flex-direction-column u-flex-align-center u-flex-justify-between\">\n                <img decoding=\"async\" class=\"c-diagnostics_circles lazyload\" data-src=\"https:\/\/www.almacgroup.com\/diagnostics\/wp-content\/uploads\/sites\/3\/2021\/11\/Genomic-Circle.png\" alt=\"Servicios gen\u00f3micos\" src=\"data:image\/gif;base64,R0lGODlhAQABAAAAACH5BAEKAAEALAAAAAABAAEAAAICTAEAOw==\" style=\"--smush-placeholder-width: 272px; --smush-placeholder-aspect-ratio: 272\/272;\" \/><noscript><img decoding=\"async\" class=\"c-diagnostics_circles\" src=\"https:\/\/www.almacgroup.com\/diagnostics\/wp-content\/uploads\/sites\/3\/2021\/11\/Genomic-Circle.png\" alt=\"Servicios gen\u00f3micos\"\/><\/noscript>\n                <h5 class=\"u-m-t2\">Servicios gen\u00f3micos<\/h5>\n                <p class=\"u-m-t2 u-width-10\/12 u-block u-center\"><ul><li>Amplia gama de plataformas y tecnolog\u00edas<\/li><li>Ciencia de datos<\/li><li>Gesti\u00f3n de muestras<\/li><\/ul><\/p>\n                                    <a class=\"c-btn c-btn2 u-m-t2\" href=\"https:\/\/www.almacgroup.com\/diagnostics\/genomic-services\/\">Averigua m\u00e1s<\/a>\n                            <\/div>\n                    <div class=\"o-grid__item u-width-3\/12 u-width-half@m u-width-full@s u-m-y3 u-flex u-flex-direction-column u-flex-align-center u-flex-justify-between\">\n                <img decoding=\"async\" class=\"c-diagnostics_circles lazyload\" data-src=\"https:\/\/www.almacgroup.com\/diagnostics\/wp-content\/uploads\/sites\/3\/2021\/11\/CTA-Circle.png\" alt=\"Estudios cl\u00ednicos\" src=\"data:image\/gif;base64,R0lGODlhAQABAAAAACH5BAEKAAEALAAAAAABAAEAAAICTAEAOw==\" style=\"--smush-placeholder-width: 272px; --smush-placeholder-aspect-ratio: 272\/272;\" \/><noscript><img decoding=\"async\" class=\"c-diagnostics_circles\" src=\"https:\/\/www.almacgroup.com\/diagnostics\/wp-content\/uploads\/sites\/3\/2021\/11\/CTA-Circle.png\" alt=\"Estudios cl\u00ednicos\"\/><\/noscript>\n                <h5 class=\"u-m-t2\">Estudios cl\u00ednicos<\/h5>\n                <p class=\"u-m-t2 u-width-10\/12 u-block u-center\"><ul><li>Ensayo de uso en investigaci\u00f3n<\/li><li>Ensayo de uso cl\u00ednico<\/li><li>Ensayo cl\u00ednico global<\/li><\/ul><\/p>\n                                    <a class=\"c-btn c-btn2 u-m-t2\" href=\"https:\/\/www.almacgroup.com\/diagnostics\/clinical-trial-assays\/\">Averigua m\u00e1s<\/a>\n                            <\/div>\n                    <div class=\"o-grid__item u-width-3\/12 u-width-half@m u-width-full@s u-m-y3 u-flex u-flex-direction-column u-flex-align-center u-flex-justify-between\">\n                <img decoding=\"async\" class=\"c-diagnostics_circles lazyload\" data-src=\"https:\/\/www.almacgroup.com\/diagnostics\/wp-content\/uploads\/sites\/3\/2021\/11\/CDx-Circle.png\" alt=\"Estudios cl\u00ednicos\" src=\"data:image\/gif;base64,R0lGODlhAQABAAAAACH5BAEKAAEALAAAAAABAAEAAAICTAEAOw==\" style=\"--smush-placeholder-width: 272px; --smush-placeholder-aspect-ratio: 272\/272;\" \/><noscript><img decoding=\"async\" class=\"c-diagnostics_circles\" src=\"https:\/\/www.almacgroup.com\/diagnostics\/wp-content\/uploads\/sites\/3\/2021\/11\/CDx-Circle.png\" alt=\"Estudios cl\u00ednicos\"\/><\/noscript>\n                <h5 class=\"u-m-t2\">Estudios cl\u00ednicos<\/h5>\n                <p class=\"u-m-t2 u-width-10\/12 u-block u-center\"><ul><li>Desarrollo de CDx<\/li><li>Fabricaci\u00f3n de CDx<\/li><li>Comercializaci\u00f3n de CDx<\/li><\/ul><\/p>\n                                    <a class=\"c-btn c-btn2 u-m-t2\" href=\"https:\/\/www.almacgroup.com\/diagnostics\/companion-diagnostics\/\">Averigua m\u00e1s<\/a>\n                            <\/div>\n            <\/div>\n<\/div>\n\n\n\t<div class=\"\">\n\t\t<div class=\"o-wrapper\">\n\t\t\t<div class=\"o-grid\">\n\t\t\t\t<div class=\"o-grid__item u-width-full\">\n\t\t\t\t\t<div class=\"s-cms\">\n\t\t\t\t\t\t<h3>Los laboratorios globales de Almac Diagnostic Services ofrecen soluciones diagn\u00f3sticas en \u00e1reas como los servicios gen\u00f3micos, los estudios cl\u00ednicos y el desarrollo y comercializaci\u00f3n de pruebas diagn\u00f3sticas complementarias.<\/h3>\n<p><span style=\"font-weight: 400;\">Nuestros clientes trabajan con nosotros porque les ofrecemos una flexibilidad total para sus estrategias de biomarcadores:<\/span><\/p>\n<ul>\n<li><span style=\"font-weight: 400;\">Ofreciendo una gran variedad de plataformas y reactivos (opciones qu\u00edmicas) (PCR, NGS).<\/span><\/li>\n<li><span style=\"font-weight: 400;\">En m\u00faltiples indicaciones patol\u00f3gicas (oncolog\u00eda y enfermedades cr\u00f3nicas).<\/span><\/li>\n<li><span style=\"font-weight: 400;\">A partir de una variedad de tipos de muestra (tejido FFPE, fresco congelado, sangre, bucal).<\/span><\/li>\n<li><span style=\"font-weight: 400;\">Nuestros laboratorios internacionales se encuentran en el Reino Unido, Europa, EE.UU. y APAC.<\/span><\/li>\n<li><span style=\"font-weight: 400;\">Ofrecemos asistencia para todos los modelos de CDx (desde la autorizaci\u00f3n de comercializaci\u00f3n en un \u00fanico centro (PMA) hasta kits de diagn\u00f3stico in vitro).<\/span><\/li>\n<\/ul>\n<p style=\"text-align: center;\"><strong><span style=\"color: #e4251b;\"><a class=\"js-modalTrigger\" href=\"#0\" data-modal=\"DownloadHere\">Descargue nuestro folleto corporativo para obtener m\u00e1s informaci\u00f3n<\/a><\/span><\/strong><\/p>\n<p><a class=\"js-modalTrigger\" href=\"#0\" data-modal=\"DownloadHere\"><img decoding=\"async\" class=\"aligncenter lazyload\" data-src=\"https:\/\/www.almacgroup.com\/diagnostics\/wp-content\/uploads\/sites\/3\/2024\/04\/brochure-img-spanish.png\" width=\"250\" src=\"data:image\/gif;base64,R0lGODlhAQABAAAAACH5BAEKAAEALAAAAAABAAEAAAICTAEAOw==\" style=\"--smush-placeholder-width: 390px; --smush-placeholder-aspect-ratio: 390\/512;\" \/><noscript><img decoding=\"async\" class=\"aligncenter\" src=\"https:\/\/www.almacgroup.com\/diagnostics\/wp-content\/uploads\/sites\/3\/2024\/04\/brochure-img-spanish.png\" width=\"250\" \/><\/noscript><\/a><\/p>\n\t\t\t\t\t<\/div>\n\t\t\t\t<\/div>\n\t\t\t<\/div>\n\t\t<\/div>\n\n\t\n\n\n\n<!-- Hubspot Modal -->\n\n<!-- <a href=\"#0\" class=\"c-btn c-btn-secondary c-btn--red js-modalTrigger\" data-modal=\"DownloadHere\">Trigger Modal<\/a> -->\n\n<div class=\"c-modal js-modal\" title=\"DownloadHere\">\n    <div class=\"c-modal__inner js-modalInner\">\n        <div class=\"o-grid o-grid--center\">\n            <div class=\"u-width-10\/12 u-width-8\/12@l u-relative\">\n                <div class=\"c-modal__content c-modal__content--commercial u-bg-lightgrey3 u-a-left u-p-x3 u-p-y3\">\n                    <div class=\"c-modal__close c-modal__close--dark js-modalClose\"><\/div>\n                    <h5 class=\"u-text-normal u-medium u-m-b2\"><\/h5>\n\n                    <div class=\"almac-modal-hubspot-form\"><\/div>\n                    <!--[if lte IE 8]>\n                    <script charset=\"utf-8\" type=\"lazyload\" src=\"\/\/js.hsforms.net\/forms\/v2-legacy.js\"><\/script>\n                    <![endif]-->\n                    <script charset=\"utf-8\" type=\"lazyload\" src=\"\/\/js.hsforms.net\/forms\/v2.js\"><\/script>\n                    <script type=\"lazyload\">\n                        hbspt.forms.create({\n                        css: '',\n                        portalId: '742105',\n                        formId: 'fc3562d3-bd50-47a7-8bb9-f3b321cf5305',\n                        target: '.almac-modal-hubspot-form'\n                        });\n                    <\/script>\n\n                <\/div>\n            <\/div>\n        <\/div>\n    <\/div>\n<\/div>\n\n<!-- \/ Hubspot Modal -->\n\n\n\n<div style=\"height:32px\" aria-hidden=\"true\" class=\"wp-block-spacer\"><\/div>\n\n\n\n<p class=\"has-text-align-center has-medium-font-size\"><strong>Clique <a href=\"https:\/\/www.almacgroup.com\/diagnostics\/\">aqu\u00ed<\/a> para acceder a nuestro sitio web.<\/strong><\/p>\n\n\n\t<div class=\"\">\n\t\t<div class=\"o-wrapper\">\n\t\t\t<div class=\"o-grid\">\n\t\t\t\t<div class=\"o-grid__item u-width-full\">\n\t\t\t\t\t<div class=\"s-cms\">\n\t\t\t\t\t\t<style>img.u-m-b3.u-center {border: 15px solid white;width: 300px !important;height: 300px !important;border-radius: 50%;}<\/style>\n<style>p.u-bold {text-align: left; font-size: 20px;}<\/style>\n<style>.s-cms ul {color: #000000;text-align: left;}<\/style>\n<style>section.u-bg-light-grey.u-p-y8.u-p-y4\\@m, section.u-bg-light-grey {background: #c2c4c3;}<\/style>\n<style>.t-diagnostic-services .s-cms p a, .t-diagnostic-services .s-cms ul li a {text-decoration: none;}<\/style>\n<style>.o-grid__item.u-width-full.u-p-t4.s-cms {padding-top: 0 !important;}<\/style>\n<style>@media only screen and (max-width: 768px) {img.u-m-b3.u-center {border: 8px solid white; width: 200px !important; height: 200px !important;} }<\/style>\n<style>@media only screen and (max-width: 479px) {img.u-m-b3.u-center {width: 250px !important; height: 250px !important;}}<\/style>\n<style>.s-cms ul li{font-weight: 500 !important;<\/style>\n\t\t\t\t\t<\/div>\n\t\t\t\t<\/div>\n\t\t\t<\/div>\n\t\t<\/div>\n\n\t\n","protected":false},"excerpt":{"rendered":"<p>Clique aqu\u00ed para acceder a nuestro sitio web.<\/p>\n","protected":false},"author":1,"featured_media":0,"parent":0,"menu_order":0,"comment_status":"closed","ping_status":"closed","template":"","meta":{"_acf_changed":false,"footnotes":""},"class_list":["post-5092","page","type-page","status-publish","hentry"],"acf":[],"yoast_head":"<!-- This site is optimized with the Yoast SEO Premium plugin v25.3.1 (Yoast SEO v26.3) - https:\/\/yoast.com\/wordpress\/plugins\/seo\/ -->\n<title>Spain - Diagnostic Services<\/title>\n<meta name=\"robots\" content=\"index, follow, max-snippet:-1, max-image-preview:large, max-video-preview:-1\" \/>\n<link rel=\"canonical\" href=\"https:\/\/www.almacgroup.com\/diagnostics\/spain\/\" \/>\n<meta property=\"og:locale\" content=\"en_GB\" \/>\n<meta property=\"og:type\" content=\"article\" \/>\n<meta property=\"og:title\" content=\"Spain\" \/>\n<meta property=\"og:description\" content=\"Clique aqu\u00ed para acceder a nuestro sitio web.\" \/>\n<meta property=\"og:url\" content=\"https:\/\/www.almacgroup.com\/diagnostics\/spain\/\" \/>\n<meta property=\"og:site_name\" content=\"Diagnostic Services\" \/>\n<meta property=\"article:modified_time\" content=\"2024-04-17T09:22:19+00:00\" \/>\n<meta property=\"og:image\" content=\"https:\/\/www.almacgroup.com\/diagnostics\/wp-content\/uploads\/sites\/3\/2020\/11\/Almac_Logo-e1698941154737.jpeg\" \/>\n\t<meta property=\"og:image:width\" content=\"100\" \/>\n\t<meta property=\"og:image:height\" content=\"52\" \/>\n\t<meta property=\"og:image:type\" content=\"image\/jpeg\" \/>\n<meta name=\"twitter:card\" content=\"summary_large_image\" \/>\n<meta name=\"twitter:label1\" content=\"Estimated reading time\" \/>\n\t<meta name=\"twitter:data1\" content=\"1 minute\" \/>\n<script type=\"application\/ld+json\" class=\"yoast-schema-graph\">{\"@context\":\"https:\/\/schema.org\",\"@graph\":[{\"@type\":\"WebPage\",\"@id\":\"https:\/\/www.almacgroup.com\/diagnostics\/spain\/\",\"url\":\"https:\/\/www.almacgroup.com\/diagnostics\/spain\/\",\"name\":\"Spain - Diagnostic Services\",\"isPartOf\":{\"@id\":\"https:\/\/www.almacgroup.com\/diagnostics\/#website\"},\"datePublished\":\"2024-04-17T09:22:17+00:00\",\"dateModified\":\"2024-04-17T09:22:19+00:00\",\"breadcrumb\":{\"@id\":\"https:\/\/www.almacgroup.com\/diagnostics\/spain\/#breadcrumb\"},\"inLanguage\":\"en-GB\",\"potentialAction\":[{\"@type\":\"ReadAction\",\"target\":[\"https:\/\/www.almacgroup.com\/diagnostics\/spain\/\"]}]},{\"@type\":\"BreadcrumbList\",\"@id\":\"https:\/\/www.almacgroup.com\/diagnostics\/spain\/#breadcrumb\",\"itemListElement\":[{\"@type\":\"ListItem\",\"position\":1,\"name\":\"Home\",\"item\":\"https:\/\/www.almacgroup.com\/diagnostics\/\"},{\"@type\":\"ListItem\",\"position\":2,\"name\":\"Spain\"}]},{\"@type\":\"WebSite\",\"@id\":\"https:\/\/www.almacgroup.com\/diagnostics\/#website\",\"url\":\"https:\/\/www.almacgroup.com\/diagnostics\/\",\"name\":\"Diagnostic Services\",\"description\":\"Just another Almac Core Sites site\",\"publisher\":{\"@id\":\"https:\/\/www.almacgroup.com\/diagnostics\/#organization\"},\"potentialAction\":[{\"@type\":\"SearchAction\",\"target\":{\"@type\":\"EntryPoint\",\"urlTemplate\":\"https:\/\/www.almacgroup.com\/diagnostics\/?s={search_term_string}\"},\"query-input\":{\"@type\":\"PropertyValueSpecification\",\"valueRequired\":true,\"valueName\":\"search_term_string\"}}],\"inLanguage\":\"en-GB\"},{\"@type\":\"Organization\",\"@id\":\"https:\/\/www.almacgroup.com\/diagnostics\/#organization\",\"name\":\"Almac Group Ltd\",\"url\":\"https:\/\/www.almacgroup.com\/diagnostics\/\",\"logo\":{\"@type\":\"ImageObject\",\"inLanguage\":\"en-GB\",\"@id\":\"https:\/\/www.almacgroup.com\/diagnostics\/#\/schema\/logo\/image\/\",\"url\":\"https:\/\/www.almacgroup.com\/diagnostics\/wp-content\/uploads\/sites\/3\/2020\/04\/almac-logo-with-strapline.jpg\",\"contentUrl\":\"https:\/\/www.almacgroup.com\/diagnostics\/wp-content\/uploads\/sites\/3\/2020\/04\/almac-logo-with-strapline.jpg\",\"width\":643,\"height\":296,\"caption\":\"Almac Group Ltd\"},\"image\":{\"@id\":\"https:\/\/www.almacgroup.com\/diagnostics\/#\/schema\/logo\/image\/\"}}]}<\/script>\n<!-- \/ Yoast SEO Premium plugin. -->","yoast_head_json":{"title":"Spain - Diagnostic Services","robots":{"index":"index","follow":"follow","max-snippet":"max-snippet:-1","max-image-preview":"max-image-preview:large","max-video-preview":"max-video-preview:-1"},"canonical":"https:\/\/www.almacgroup.com\/diagnostics\/spain\/","og_locale":"en_GB","og_type":"article","og_title":"Spain","og_description":"Clique aqu\u00ed para acceder a nuestro sitio web.","og_url":"https:\/\/www.almacgroup.com\/diagnostics\/spain\/","og_site_name":"Diagnostic Services","article_modified_time":"2024-04-17T09:22:19+00:00","og_image":[{"width":100,"height":52,"url":"https:\/\/www.almacgroup.com\/diagnostics\/wp-content\/uploads\/sites\/3\/2020\/11\/Almac_Logo-e1698941154737.jpeg","type":"image\/jpeg"}],"twitter_card":"summary_large_image","twitter_misc":{"Estimated reading time":"1 minute"},"schema":{"@context":"https:\/\/schema.org","@graph":[{"@type":"WebPage","@id":"https:\/\/www.almacgroup.com\/diagnostics\/spain\/","url":"https:\/\/www.almacgroup.com\/diagnostics\/spain\/","name":"Spain - Diagnostic Services","isPartOf":{"@id":"https:\/\/www.almacgroup.com\/diagnostics\/#website"},"datePublished":"2024-04-17T09:22:17+00:00","dateModified":"2024-04-17T09:22:19+00:00","breadcrumb":{"@id":"https:\/\/www.almacgroup.com\/diagnostics\/spain\/#breadcrumb"},"inLanguage":"en-GB","potentialAction":[{"@type":"ReadAction","target":["https:\/\/www.almacgroup.com\/diagnostics\/spain\/"]}]},{"@type":"BreadcrumbList","@id":"https:\/\/www.almacgroup.com\/diagnostics\/spain\/#breadcrumb","itemListElement":[{"@type":"ListItem","position":1,"name":"Home","item":"https:\/\/www.almacgroup.com\/diagnostics\/"},{"@type":"ListItem","position":2,"name":"Spain"}]},{"@type":"WebSite","@id":"https:\/\/www.almacgroup.com\/diagnostics\/#website","url":"https:\/\/www.almacgroup.com\/diagnostics\/","name":"Diagnostic Services","description":"Just another Almac Core Sites site","publisher":{"@id":"https:\/\/www.almacgroup.com\/diagnostics\/#organization"},"potentialAction":[{"@type":"SearchAction","target":{"@type":"EntryPoint","urlTemplate":"https:\/\/www.almacgroup.com\/diagnostics\/?s={search_term_string}"},"query-input":{"@type":"PropertyValueSpecification","valueRequired":true,"valueName":"search_term_string"}}],"inLanguage":"en-GB"},{"@type":"Organization","@id":"https:\/\/www.almacgroup.com\/diagnostics\/#organization","name":"Almac Group Ltd","url":"https:\/\/www.almacgroup.com\/diagnostics\/","logo":{"@type":"ImageObject","inLanguage":"en-GB","@id":"https:\/\/www.almacgroup.com\/diagnostics\/#\/schema\/logo\/image\/","url":"https:\/\/www.almacgroup.com\/diagnostics\/wp-content\/uploads\/sites\/3\/2020\/04\/almac-logo-with-strapline.jpg","contentUrl":"https:\/\/www.almacgroup.com\/diagnostics\/wp-content\/uploads\/sites\/3\/2020\/04\/almac-logo-with-strapline.jpg","width":643,"height":296,"caption":"Almac Group Ltd"},"image":{"@id":"https:\/\/www.almacgroup.com\/diagnostics\/#\/schema\/logo\/image\/"}}]}},"_links":{"self":[{"href":"https:\/\/www.almacgroup.com\/diagnostics\/wp-json\/wp\/v2\/pages\/5092","targetHints":{"allow":["GET"]}}],"collection":[{"href":"https:\/\/www.almacgroup.com\/diagnostics\/wp-json\/wp\/v2\/pages"}],"about":[{"href":"https:\/\/www.almacgroup.com\/diagnostics\/wp-json\/wp\/v2\/types\/page"}],"author":[{"embeddable":true,"href":"https:\/\/www.almacgroup.com\/diagnostics\/wp-json\/wp\/v2\/users\/1"}],"replies":[{"embeddable":true,"href":"https:\/\/www.almacgroup.com\/diagnostics\/wp-json\/wp\/v2\/comments?post=5092"}],"version-history":[{"count":40,"href":"https:\/\/www.almacgroup.com\/diagnostics\/wp-json\/wp\/v2\/pages\/5092\/revisions"}],"predecessor-version":[{"id":5183,"href":"https:\/\/www.almacgroup.com\/diagnostics\/wp-json\/wp\/v2\/pages\/5092\/revisions\/5183"}],"wp:attachment":[{"href":"https:\/\/www.almacgroup.com\/diagnostics\/wp-json\/wp\/v2\/media?parent=5092"}],"curies":[{"name":"wp","href":"https:\/\/api.w.org\/{rel}","templated":true}]}}